{"id":1173,"date":"2022-02-07T12:45:19","date_gmt":"2022-02-07T12:45:19","guid":{"rendered":"https:\/\/rackbeat.digitalpresent.mk\/webinars\/"},"modified":"2023-10-03T12:38:33","modified_gmt":"2023-10-03T11:38:33","slug":"nettkurs","status":"publish","type":"page","link":"https:\/\/rackbeat.com\/no\/nettkurs\/","title":{"rendered":"Webinar"},"content":{"rendered":"","protected":false},"excerpt":{"rendered":"","protected":false},"author":1,"featured_media":0,"parent":0,"menu_order":0,"comment_status":"closed","ping_status":"closed","template":"page-templates\/webinars.php","meta":{"content-type":"","inline_featured_image":false,"footnotes":""},"class_list":["post-1173","page","type-page","status-publish","hentry"],"yoast_head":"<!-- This site is optimized with the Yoast SEO Premium plugin v20.0 (Yoast SEO v25.9) - https:\/\/yoast.com\/wordpress\/plugins\/seo\/ -->\n<title>Gratis nettkurs | F\u00e5 kontroll over hele forsyningskjeden | Rackbeat<\/title>\n<meta name=\"description\" content=\"Gratis nettkurs: Administrer forsyningskjeden din og gj\u00f8r arbeidsdagen enklere. Vi veileder deg rundt IT-oppsett for akkurat din bedrift\" \/>\n<meta name=\"robots\" content=\"index, follow, max-snippet:-1, max-image-preview:large, max-video-preview:-1\" \/>\n<link rel=\"canonical\" href=\"https:\/\/rackbeat.com\/no\/nettkurs\/\" \/>\n<meta property=\"og:locale\" content=\"en_US\" \/>\n<meta property=\"og:type\" content=\"article\" \/>\n<meta property=\"og:title\" content=\"Webinar\" \/>\n<meta property=\"og:description\" content=\"Gratis nettkurs: Administrer forsyningskjeden din og gj\u00f8r arbeidsdagen enklere. Vi veileder deg rundt IT-oppsett for akkurat din bedrift\" \/>\n<meta property=\"og:url\" content=\"https:\/\/rackbeat.com\/no\/nettkurs\/\" \/>\n<meta property=\"og:site_name\" content=\"Rackbeat\" \/>\n<meta property=\"article:modified_time\" content=\"2023-10-03T11:38:33+00:00\" \/>\n<meta name=\"twitter:card\" content=\"summary_large_image\" \/>\n<script type=\"application\/ld+json\" class=\"yoast-schema-graph\">{\"@context\":\"https:\/\/schema.org\",\"@graph\":[{\"@type\":\"WebPage\",\"@id\":\"https:\/\/rackbeat.com\/no\/nettkurs\/\",\"url\":\"https:\/\/rackbeat.com\/no\/nettkurs\/\",\"name\":\"Gratis nettkurs | F\u00e5 kontroll over hele forsyningskjeden | Rackbeat\",\"isPartOf\":{\"@id\":\"https:\/\/rackbeat.com\/no\/#website\"},\"datePublished\":\"2022-02-07T12:45:19+00:00\",\"dateModified\":\"2023-10-03T11:38:33+00:00\",\"description\":\"Gratis nettkurs: Administrer forsyningskjeden din og gj\u00f8r arbeidsdagen enklere. Vi veileder deg rundt IT-oppsett for akkurat din bedrift\",\"breadcrumb\":{\"@id\":\"https:\/\/rackbeat.com\/no\/nettkurs\/#breadcrumb\"},\"inLanguage\":\"no\",\"potentialAction\":[{\"@type\":\"ReadAction\",\"target\":[\"https:\/\/rackbeat.com\/no\/nettkurs\/\"]}]},{\"@type\":\"BreadcrumbList\",\"@id\":\"https:\/\/rackbeat.com\/no\/nettkurs\/#breadcrumb\",\"itemListElement\":[{\"@type\":\"ListItem\",\"position\":1,\"name\":\"Forside\",\"item\":\"https:\/\/rackbeat.com\/no\/\"},{\"@type\":\"ListItem\",\"position\":2,\"name\":\"Webinar\"}]},{\"@type\":\"WebSite\",\"@id\":\"https:\/\/rackbeat.com\/no\/#website\",\"url\":\"https:\/\/rackbeat.com\/no\/\",\"name\":\"Rackbeat\",\"description\":\"Effektiv lagerstyring\",\"publisher\":{\"@id\":\"https:\/\/rackbeat.com\/no\/#organization\"},\"potentialAction\":[{\"@type\":\"SearchAction\",\"target\":{\"@type\":\"EntryPoint\",\"urlTemplate\":\"https:\/\/rackbeat.com\/no\/?s={search_term_string}\"},\"query-input\":{\"@type\":\"PropertyValueSpecification\",\"valueRequired\":true,\"valueName\":\"search_term_string\"}}],\"inLanguage\":\"no\"},{\"@type\":\"Organization\",\"@id\":\"https:\/\/rackbeat.com\/no\/#organization\",\"name\":\"Rackbeat\",\"url\":\"https:\/\/rackbeat.com\/no\/\",\"logo\":{\"@type\":\"ImageObject\",\"inLanguage\":\"no\",\"@id\":\"https:\/\/rackbeat.com\/no\/#\/schema\/logo\/image\/\",\"url\":\"\",\"contentUrl\":\"\",\"caption\":\"Rackbeat\"},\"image\":{\"@id\":\"https:\/\/rackbeat.com\/no\/#\/schema\/logo\/image\/\"}}]}<\/script>\n<!-- \/ Yoast SEO Premium plugin. -->","yoast_head_json":{"title":"Gratis nettkurs | F\u00e5 kontroll over hele forsyningskjeden | Rackbeat","description":"Gratis nettkurs: Administrer forsyningskjeden din og gj\u00f8r arbeidsdagen enklere. Vi veileder deg rundt IT-oppsett for akkurat din bedrift","robots":{"index":"index","follow":"follow","max-snippet":"max-snippet:-1","max-image-preview":"max-image-preview:large","max-video-preview":"max-video-preview:-1"},"canonical":"https:\/\/rackbeat.com\/no\/nettkurs\/","og_locale":"en_US","og_type":"article","og_title":"Webinar","og_description":"Gratis nettkurs: Administrer forsyningskjeden din og gj\u00f8r arbeidsdagen enklere. Vi veileder deg rundt IT-oppsett for akkurat din bedrift","og_url":"https:\/\/rackbeat.com\/no\/nettkurs\/","og_site_name":"Rackbeat","article_modified_time":"2023-10-03T11:38:33+00:00","twitter_card":"summary_large_image","schema":{"@context":"https:\/\/schema.org","@graph":[{"@type":"WebPage","@id":"https:\/\/rackbeat.com\/no\/nettkurs\/","url":"https:\/\/rackbeat.com\/no\/nettkurs\/","name":"Gratis nettkurs | F\u00e5 kontroll over hele forsyningskjeden | Rackbeat","isPartOf":{"@id":"https:\/\/rackbeat.com\/no\/#website"},"datePublished":"2022-02-07T12:45:19+00:00","dateModified":"2023-10-03T11:38:33+00:00","description":"Gratis nettkurs: Administrer forsyningskjeden din og gj\u00f8r arbeidsdagen enklere. Vi veileder deg rundt IT-oppsett for akkurat din bedrift","breadcrumb":{"@id":"https:\/\/rackbeat.com\/no\/nettkurs\/#breadcrumb"},"inLanguage":"no","potentialAction":[{"@type":"ReadAction","target":["https:\/\/rackbeat.com\/no\/nettkurs\/"]}]},{"@type":"BreadcrumbList","@id":"https:\/\/rackbeat.com\/no\/nettkurs\/#breadcrumb","itemListElement":[{"@type":"ListItem","position":1,"name":"Forside","item":"https:\/\/rackbeat.com\/no\/"},{"@type":"ListItem","position":2,"name":"Webinar"}]},{"@type":"WebSite","@id":"https:\/\/rackbeat.com\/no\/#website","url":"https:\/\/rackbeat.com\/no\/","name":"Rackbeat","description":"Effektiv lagerstyring","publisher":{"@id":"https:\/\/rackbeat.com\/no\/#organization"},"potentialAction":[{"@type":"SearchAction","target":{"@type":"EntryPoint","urlTemplate":"https:\/\/rackbeat.com\/no\/?s={search_term_string}"},"query-input":{"@type":"PropertyValueSpecification","valueRequired":true,"valueName":"search_term_string"}}],"inLanguage":"no"},{"@type":"Organization","@id":"https:\/\/rackbeat.com\/no\/#organization","name":"Rackbeat","url":"https:\/\/rackbeat.com\/no\/","logo":{"@type":"ImageObject","inLanguage":"no","@id":"https:\/\/rackbeat.com\/no\/#\/schema\/logo\/image\/","url":"","contentUrl":"","caption":"Rackbeat"},"image":{"@id":"https:\/\/rackbeat.com\/no\/#\/schema\/logo\/image\/"}}]}},"ACF":{"hero_title":"Delta i et gratis webinar om lagerstyring","hero_image":false,"hero_sub_title":"","hero_additional_paragraph":"<p>V\u00e5re samarbeidspartnere fra <a href=\"https:\/\/www.tripletex.no\/\">Tripletex<\/a> arrangerer omtrent en gang i m\u00e5neden et webinar om Rackbeat og lagerstyring, med tittelen &#8220;Lagerstyring i Tripletex.&#8221;<\/p>\n<p>De avholder ogs\u00e5 jevnlig fysiske arrangementer der du kan l\u00e6re mer om hvordan Rackbeat fungerer og samspiller med blant annet ditt regnskapssystem. S\u00e5 f\u00f8lg med p\u00e5 Tripletex <span style=\"color: #3366ff;\"><a style=\"color: #3366ff;\" href=\"https:\/\/www.tripletex.no\/webinar\/\">her<\/a><\/span>.<\/p>\n<p>&nbsp;<\/p>\n<p>&nbsp;<\/p>\n<p>&nbsp;<\/p>\n","hero_button_text":"","hero_button_url":"","content_title":"","list":false,"form_shortcode":"","custom_head_script":""},"_links":{"self":[{"href":"https:\/\/rackbeat.com\/no\/wp-json\/wp\/v2\/pages\/1173","targetHints":{"allow":["GET"]}}],"collection":[{"href":"https:\/\/rackbeat.com\/no\/wp-json\/wp\/v2\/pages"}],"about":[{"href":"https:\/\/rackbeat.com\/no\/wp-json\/wp\/v2\/types\/page"}],"author":[{"embeddable":true,"href":"https:\/\/rackbeat.com\/no\/wp-json\/wp\/v2\/users\/1"}],"replies":[{"embeddable":true,"href":"https:\/\/rackbeat.com\/no\/wp-json\/wp\/v2\/comments?post=1173"}],"version-history":[{"count":13,"href":"https:\/\/rackbeat.com\/no\/wp-json\/wp\/v2\/pages\/1173\/revisions"}],"predecessor-version":[{"id":28702,"href":"https:\/\/rackbeat.com\/no\/wp-json\/wp\/v2\/pages\/1173\/revisions\/28702"}],"wp:attachment":[{"href":"https:\/\/rackbeat.com\/no\/wp-json\/wp\/v2\/media?parent=1173"}],"curies":[{"name":"wp","href":"https:\/\/api.w.org\/{rel}","templated":true}]}}